{"id":27,"date":"2014-09-29T19:28:12","date_gmt":"2014-09-29T17:28:12","guid":{"rendered":"http:\/\/www.paolaeluca.it\/wordpressIt\/?page_id=27"},"modified":"2021-03-29T21:12:35","modified_gmt":"2021-03-29T19:12:35","slug":"cerimonia-2","status":"publish","type":"page","link":"https:\/\/www.paolaeluca.it\/?page_id=27","title":{"rendered":"Cerimonia"},"content":{"rendered":"<div id=\"attachment_45\" style=\"width: 234px\" class=\"wp-caption alignright\"><a href=\"http:\/\/www.paolaeluca.it\/wp-content\/uploads\/2014\/09\/275px-Sant_Ambrogio_in_Milan.jpg\"><img loading=\"lazy\" decoding=\"async\" aria-describedby=\"caption-attachment-45\" class=\"wp-image-45 size-medium\" src=\"http:\/\/www.paolaeluca.it\/wp-content\/uploads\/2014\/09\/275px-Sant_Ambrogio_in_Milan-224x300.jpg\" alt=\"Sant'Ambrogio\" width=\"224\" height=\"300\" srcset=\"https:\/\/www.paolaeluca.it\/wp-content\/uploads\/2014\/09\/275px-Sant_Ambrogio_in_Milan-224x300.jpg 224w, https:\/\/www.paolaeluca.it\/wp-content\/uploads\/2014\/09\/275px-Sant_Ambrogio_in_Milan.jpg 275w\" sizes=\"auto, (max-width: 224px) 100vw, 224px\" \/><\/a><p id=\"caption-attachment-45\" class=\"wp-caption-text\">Il chiostro della Basilica di Sant&#8217;Ambrogio<\/p><\/div>\n<p>La cerimonia cattolica, secondo il <a href=\"http:\/\/it.wikipedia.org\/wiki\/Rito_ambrosiano\" target=\"_blank\" rel=\"noopener\">rito ambrosiano<\/a>, si svolger\u00e0 a partire dalle ore 10.30 del 13 Dicembre 2014 presso la <a href=\"http:\/\/it.wikipedia.org\/wiki\/Basilica_di_Sant'Ambrogio\" target=\"_blank\" rel=\"noopener\">Basilica di Sant&#8217;Ambrogio<\/a>, una delle chiese pi\u00f9 antiche di Milano e la seconda per importanza nella citt\u00e0, dopo il Duomo di Milano (Basilica Cattedrale metropolitana di Santa Maria Nascente). La Basilica si trova in Piazza Sant&#8217;Ambrogio nel centro di Milano. Di seguito trovate alcuni consigli per raggiungere la Basilica il giorno del nostro matrimonio.<\/p>\n<h3>In auto<\/h3>\n<p>Inserendo &#8220;piazza Sant&#8217;Ambrogio Milano&#8221; nella maggior parte dei navigatori GPS, la destinazione viene impostata correttamente. Poich\u00e9 la cerimonia si svolge&nbsp;durante il weekend, <em>non<\/em> \u00e8 necessario munirsi di ticket di ingresso nell&#8217;<a href=\"http:\/\/www.comune.milano.it\/portale\/wps\/portal\/!ut\/p\/c1\/04_SB8K8xLLM9MSSzPy8xBz9CP0os_hAc8OgAE8TIwMDJ2MzAyMPIzdfHw8_Y28jQ_1wkA6zeD9_o1A3E09DQwszV0MDIzMPEyefME8DdxdjiLwBDuBooO_nkZ-bql-QnZ3m6KioCADL1TNQ\/dl2\/d1\/L2dJQSEvUUt3QS9ZQnB3LzZfQU01UlBJNDIwT1RTMzAySEtMVEs5TTMwMDA!\/?WCM_GLOBAL_CONTEXT=\/wps\/wcm\/connect\/ContentLibrary\/elenco+siti+tematici\/elenco+siti+tematici\/area+c\" target=\"_blank\" rel=\"noopener\">areaC<\/a> di Milano. Vi sono due parcheggi a pagamento nelle immediate adiacenze. Uno si trova nelle vicinanze di Via Olona, 7. L&#8217;altro, di prossima&nbsp;apertura, all&#8217;angolo tra via Santa Agnese e piazza Sant&#8217;Ambrogio.<\/p>\n<h3>Con i mezzi pubblici<\/h3>\n<p>La Basilica \u00e8 raggiungibile scendendo alla&nbsp;fermata &#8220;Sant&#8217;Ambrogio&#8221; della linea metropolitana M2 (verde), oppure con gli autobus 50, 58 e 94. Il sito della <a href=\"http:\/\/www.atm.it\/it\/Giromilano\/Pagine\/default.aspx\" target=\"_blank\" rel=\"noopener\">azienda trasporti pubblici<\/a>&nbsp;di Milano&nbsp;pu\u00f2 aiutarvi a pianificare il percorso inserendo &#8220;piazza Sant&#8217;Ambrogio&#8221; come destinazione.&nbsp;Un <a href=\"http:\/\/www.atm.it\/it\/ViaggiaConNoi\/Biglietti\/Pagine\/BigliettiUrbani.aspx\" target=\"_blank\" rel=\"noopener\">biglietto urbano<\/a> \u00e8 sufficiente per raggiungere la Basilica dall&#8217;interno del comune di Milano. I biglietti sono <a href=\"http:\/\/www.atm.it\/it\/ViaggiaConNoi\/Biglietti\/Pagine\/Doveacquistare.aspx\" target=\"_blank\" rel=\"noopener\">acquistabili<\/a> presso le rivendite dell&#8217;azienda trasporti pubblici e la maggior parte di bar, edicole e tabaccherie.<\/p>\n<div><span class=\"Apple-style-span\" style=\"color: #444444; font-family: 'Open Sans', sans-serif; font-weight: 600; line-height: 18px;\">&nbsp;<\/span><\/div>\n","protected":false},"excerpt":{"rendered":"<p>La cerimonia cattolica, secondo il rito ambrosiano, si svolger\u00e0 a partire dalle ore 10.30 del 13 Dicembre 2014 presso la Basilica di Sant&#8217;Ambrogio, una delle chiese pi\u00f9 antiche di Milano e la seconda per importanza nella citt\u00e0, dopo il Duomo &hellip; <a class=\"more-link\" href=\"https:\/\/www.paolaeluca.it\/?page_id=27\">Continua a leggere <span class=\"meta-nav\">&rarr;<\/span><\/a><\/p>\n","protected":false},"author":1,"featured_media":0,"parent":0,"menu_order":2,"comment_status":"closed","ping_status":"open","template":"","meta":{"ngg_post_thumbnail":0,"jetpack_post_was_ever_published":false,"footnotes":""},"class_list":["post-27","page","type-page","status-publish","hentry"],"jetpack_sharing_enabled":true,"jetpack_shortlink":"https:\/\/wp.me\/P9UcaN-r","_links":{"self":[{"href":"https:\/\/www.paolaeluca.it\/index.php?rest_route=\/wp\/v2\/pages\/27","targetHints":{"allow":["GET"]}}],"collection":[{"href":"https:\/\/www.paolaeluca.it\/index.php?rest_route=\/wp\/v2\/pages"}],"about":[{"href":"https:\/\/www.paolaeluca.it\/index.php?rest_route=\/wp\/v2\/types\/page"}],"author":[{"embeddable":true,"href":"https:\/\/www.paolaeluca.it\/index.php?rest_route=\/wp\/v2\/users\/1"}],"replies":[{"embeddable":true,"href":"https:\/\/www.paolaeluca.it\/index.php?rest_route=%2Fwp%2Fv2%2Fcomments&post=27"}],"version-history":[{"count":54,"href":"https:\/\/www.paolaeluca.it\/index.php?rest_route=\/wp\/v2\/pages\/27\/revisions"}],"predecessor-version":[{"id":778,"href":"https:\/\/www.paolaeluca.it\/index.php?rest_route=\/wp\/v2\/pages\/27\/revisions\/778"}],"wp:attachment":[{"href":"https:\/\/www.paolaeluca.it\/index.php?rest_route=%2Fwp%2Fv2%2Fmedia&parent=27"}],"curies":[{"name":"wp","href":"https:\/\/api.w.org\/{rel}","templated":true}]}}