{"id":39,"date":"2014-09-29T19:31:26","date_gmt":"2014-09-29T17:31:26","guid":{"rendered":"http:\/\/www.paolaeluca.it\/wordpressIt\/?page_id=39"},"modified":"2016-02-18T16:01:24","modified_gmt":"2016-02-18T15:01:24","slug":"luna-di-miele","status":"publish","type":"page","link":"https:\/\/www.paolaeluca.it\/?page_id=39","title":{"rendered":"Luna di miele"},"content":{"rendered":"<h3 style=\"text-align: center;\">&#8220;Verso l&#8217;infinito e oltre!&#8221;<br \/>\n-Buzz Lightyear (Toy Story)<\/h3>\n<p>&nbsp;<\/p>\n<div id=\"attachment_451\" style=\"width: 310px\" class=\"wp-caption alignright\"><a href=\"http:\/\/www.paolaeluca.it\/wp-content\/uploads\/2014\/09\/a_tango-buenos-aire-a.jpg\"><img loading=\"lazy\" decoding=\"async\" aria-describedby=\"caption-attachment-451\" class=\"wp-image-451 size-medium\" src=\"http:\/\/www.paolaeluca.it\/wp-content\/uploads\/2014\/09\/a_tango-buenos-aire-a-300x193.jpg\" alt=\"a_tango-buenos-aire-a\" width=\"300\" height=\"193\" srcset=\"https:\/\/www.paolaeluca.it\/wp-content\/uploads\/2014\/09\/a_tango-buenos-aire-a-300x193.jpg 300w, https:\/\/www.paolaeluca.it\/wp-content\/uploads\/2014\/09\/a_tango-buenos-aire-a-195x124.jpg 195w, https:\/\/www.paolaeluca.it\/wp-content\/uploads\/2014\/09\/a_tango-buenos-aire-a.jpg 990w\" sizes=\"auto, (max-width: 300px) 100vw, 300px\" \/><\/a><p id=\"caption-attachment-451\" class=\"wp-caption-text\">Tangueros (quelli veri) a Buenos Aires<\/p><\/div>\n<p>Abbiamo deciso di trascorrere la luna di miele in Argentina. La nostra avventura comincer\u00e0 a <em>Buenos Aires<\/em>, dove, a passeggio per le strade cosmopolite, impareremo a conoscere la bellezza e la cultura argentina: curioseremo in qualche negozio di antiquariato nel quartiere di <em>San Telmo<\/em>, faremo un tuffo nella storia tra gli uffici presidenziali della <em>Plaza de Mayo<\/em> ed esploreremo il <em>Microcentro<\/em>. Non mancheremo di visitare il <em>Cementerio de la Recoleta<\/em> per incontrare i personaggi pi\u00f9 autorevoli della Buenos Aires del passato. Ceneremo a base di succulente bistecche nelle parrillas del quartiere di <em>Palermo<\/em>. Faremo un giro per <em>Caminito<\/em>, osservando gli artisti di strada di <em>La Boca<\/em>, ci dedicheremo allo shopping nelle boutique di <em>Palermo Viejo<\/em>, assisteremo a uno spettacolo (o prenderemo lezione!) di tango in una tipica milonga\u2026 Diventati tangueros sar\u00e0 gi\u00e0 il momento di spostarsi a sud e addentrarsi nelle fertili e sterminate praterie delle pampas.<\/p>\n<div id=\"attachment_453\" style=\"width: 310px\" class=\"wp-caption alignleft\"><a href=\"http:\/\/www.paolaeluca.it\/wp-content\/uploads\/2014\/09\/pampa_64.jpg\"><img loading=\"lazy\" decoding=\"async\" aria-describedby=\"caption-attachment-453\" class=\"wp-image-453 size-medium\" src=\"http:\/\/www.paolaeluca.it\/wp-content\/uploads\/2014\/09\/pampa_64-300x184.jpg\" alt=\"pampa_64\" width=\"300\" height=\"184\" srcset=\"https:\/\/www.paolaeluca.it\/wp-content\/uploads\/2014\/09\/pampa_64-300x184.jpg 300w, https:\/\/www.paolaeluca.it\/wp-content\/uploads\/2014\/09\/pampa_64.jpg 500w\" sizes=\"auto, (max-width: 300px) 100vw, 300px\" \/><\/a><p id=\"caption-attachment-453\" class=\"wp-caption-text\">Le pampas meriodionali<\/p><\/div>\n<p>Percorrendo le suggestive alture delle sierras, nelle pampas meridionali, raggiungeremo la piacevole cittadina collinare <em>Tand\u00ecl<\/em>, dove gusteremo la vita di campagna, insieme a carni e formaggi deliziosi. Nei dintorni di <em>Sierra de la Ventana<\/em>, lungo sentieri dai panorami mozzafiato, muniti di creme solari e abbondanti scorte d\u2019acqua, sbirceremo attraverso una delle finestre naturali di roccia in vetta al <em>C\u00e8rro de la Ventana<\/em>, da dove ammireremo fantastici panorami sulle colline circostanti e sulle sconfinate pampas\u2026 E ci dedicheremo a qualche attivit\u00e0 all\u2019aria aperta: la pesca alla trota, bagni nel fiume, passeggiate in bicicletta.. o ci rilasseremo e basta! Ci aspetta un lungo viaggio in pullman che ci porter\u00e0&#8230; in Patagonia!<\/p>\n<div id=\"attachment_454\" style=\"width: 310px\" class=\"wp-caption alignright\"><a href=\"http:\/\/www.paolaeluca.it\/wp-content\/uploads\/2014\/09\/2sign.jpg\"><img loading=\"lazy\" decoding=\"async\" aria-describedby=\"caption-attachment-454\" class=\"wp-image-454 size-medium\" src=\"http:\/\/www.paolaeluca.it\/wp-content\/uploads\/2014\/09\/2sign-300x225.jpg\" alt=\"2sign\" width=\"300\" height=\"225\" srcset=\"https:\/\/www.paolaeluca.it\/wp-content\/uploads\/2014\/09\/2sign-300x225.jpg 300w, https:\/\/www.paolaeluca.it\/wp-content\/uploads\/2014\/09\/2sign.jpg 400w\" sizes=\"auto, (max-width: 300px) 100vw, 300px\" \/><\/a><p id=\"caption-attachment-454\" class=\"wp-caption-text\">Attraversamento guanachi<\/p><\/div>\n<div id=\"attachment_456\" style=\"width: 310px\" class=\"wp-caption alignright\"><a href=\"http:\/\/www.paolaeluca.it\/wp-content\/uploads\/2014\/09\/ARG3_Pinguini-di-Magellano.jpg\"><img loading=\"lazy\" decoding=\"async\" aria-describedby=\"caption-attachment-456\" class=\"wp-image-456 size-medium\" src=\"http:\/\/www.paolaeluca.it\/wp-content\/uploads\/2014\/09\/ARG3_Pinguini-di-Magellano-300x214.jpg\" alt=\"ARG3_Pinguini di Magellano\" width=\"300\" height=\"214\" srcset=\"https:\/\/www.paolaeluca.it\/wp-content\/uploads\/2014\/09\/ARG3_Pinguini-di-Magellano-300x214.jpg 300w, https:\/\/www.paolaeluca.it\/wp-content\/uploads\/2014\/09\/ARG3_Pinguini-di-Magellano.jpg 800w\" sizes=\"auto, (max-width: 300px) 100vw, 300px\" \/><\/a><p id=\"caption-attachment-456\" class=\"wp-caption-text\">Pinguini di Magellano<\/p><\/div>\n<p>Raggiungeremo quindi <em>Puerto Madryn<\/em>, porta di accesso alla sabbiosa <em>Peninsula Vald\u00e9s<\/em>, una delle pi\u00f9 belle riserve faunistiche del Sud America, dichiarata dall\u2019UNESCO Patrimonio dell\u2019Umanit\u00e0. Qui, noleggiata una 4&#215;4, saremo pronti ad affrontare strade sterrate in ghiaia, a dare la precedenza a pecore, guanachi e nand\u00f9 secondo il locale codice della strada. Ammireremo le evoluzioni delle balene franche australi nelle acque e, passeggiando lungo la costa, avvisteremo molti altri animali, come i pinguini di Magellano, orche, leoni marini, elefanti marini, guanachi, nand\u00f9 e vari uccelli marini. Per godere appieno della loro compagnia, anche nella magica notte di Natale, realizzeremo un sogno, pernottando nella splendida estancia (ranch) <a href=\"http:\/\/rinconchico.com.ar\/\" target=\"_blank\">Rincon Chico<\/a>, in posizione ottimale per l\u2019osservazione degli animali, guidati da esperti di biologia marina. Ci\u00a0daremo la buonanotte ascoltando i versi misteriosi delle balene: chiss\u00e0 che i loro buffi sbuffi di notte non indichino a Babbo Natale la strada che porta fino a noi.. Spostandoci pi\u00f9 a sud, accompagnati da un ranger, esploreremo <em>Punta Tombo<\/em>, la pi\u00f9 vasta riserva di nidificazione di pinguini del Sud America continentale, che ospita una colonia di oltre mezzo milione di pinguini di Magellano e altre specie di uccelli.<\/p>\n<div id=\"attachment_458\" style=\"width: 310px\" class=\"wp-caption alignleft\"><a href=\"http:\/\/www.paolaeluca.it\/wp-content\/uploads\/2014\/09\/canal-beagle-2.jpg\"><img loading=\"lazy\" decoding=\"async\" aria-describedby=\"caption-attachment-458\" class=\"wp-image-458 size-medium\" src=\"http:\/\/www.paolaeluca.it\/wp-content\/uploads\/2014\/09\/canal-beagle-2-300x197.jpg\" alt=\"canal-beagle-2\" width=\"300\" height=\"197\" srcset=\"https:\/\/www.paolaeluca.it\/wp-content\/uploads\/2014\/09\/canal-beagle-2-300x197.jpg 300w, https:\/\/www.paolaeluca.it\/wp-content\/uploads\/2014\/09\/canal-beagle-2.jpg 586w\" sizes=\"auto, (max-width: 300px) 100vw, 300px\" \/><\/a><p id=\"caption-attachment-458\" class=\"wp-caption-text\">Canale di Beagle<\/p><\/div>\n<p>Salutati gli elefanti marini, le balene e i pinguini, ci spingeremo ancora pi\u00f9 a sud, fino alla Fine del mondo, nella <em>Tierra del Fuego<\/em>. A <em>Ushuaia<\/em>, ultimo avamposto di civilt\u00e0 in cui fanno scalo le imbarcazioni dirette in Antartide, con una pinta della birra artigianale tra le mani, nella citt\u00e0 pi\u00f9 meridionale del mondo, organizzeremo l\u2019escursione o il viaggio sul Tren de la F\u00ecn de Mundo per esplorare le silenziose, profumate e incantate foreste del Parque Nacional Tierra del Fuego. Navigando sulle acque grigio metallo del <em>Canale di Beagle<\/em>, con ghiacciai e isole rocciose sullo sfondo, scopriremo la magia dei mari meridionali, alla ricerca della vita marina e dei resti della cultura nativa.<\/p>\n<div id=\"attachment_460\" style=\"width: 310px\" class=\"wp-caption alignright\"><a href=\"http:\/\/www.paolaeluca.it\/wp-content\/uploads\/2014\/09\/perito-moreno_cq8pf.T0.jpg\"><img loading=\"lazy\" decoding=\"async\" aria-describedby=\"caption-attachment-460\" class=\"wp-image-460 size-medium\" src=\"http:\/\/www.paolaeluca.it\/wp-content\/uploads\/2014\/09\/perito-moreno_cq8pf.T0-300x225.jpg\" alt=\"perito-moreno_cq8pf.T0\" width=\"300\" height=\"225\" srcset=\"https:\/\/www.paolaeluca.it\/wp-content\/uploads\/2014\/09\/perito-moreno_cq8pf.T0-300x225.jpg 300w, https:\/\/www.paolaeluca.it\/wp-content\/uploads\/2014\/09\/perito-moreno_cq8pf.T0-1024x768.jpg 1024w\" sizes=\"auto, (max-width: 300px) 100vw, 300px\" \/><\/a><p id=\"caption-attachment-460\" class=\"wp-caption-text\">Ghiacciaio Perito Moreno<\/p><\/div>\n<p>Risalendo a nord, raggiungeremo <em>El Calafate<\/em> (che prende il nome dalla bacca che, una volta mangiata, garantir\u00e0 il nostro ritorno in Patagonia!), ansiosi di ammirare il <em>Glaciar Perito Moreno<\/em>, ghiacciaio dalle sfumature blu, da vedere e da ascoltare. Dotati di giacca impermeabile, assisteremo da vicino allo spettacolo straordinario dei giganteschi iceberg che crollano con fragore nel Lago Argentino. Ci cimenteremo nella pesca a mosca, per verificare le voci secondo le quali qui vivrebbe la pi\u00f9 grande trota arcobaleno del pianeta. Un minitrekking, con una passeggiata tra le foreste di lenga, una rapida lezione di glaciologia e una camminata sul ghiacciaio con i ramponi, ci far\u00e0 guadagnare una cena tipica ristoratrice a base di gigantesche bistecche, rientrati a El Calafate.<\/p>\n<div id=\"attachment_461\" style=\"width: 310px\" class=\"wp-caption alignright\"><a href=\"http:\/\/www.paolaeluca.it\/wp-content\/uploads\/2014\/09\/cataratas-iguazu-helicoptero.jpg\"><img loading=\"lazy\" decoding=\"async\" aria-describedby=\"caption-attachment-461\" class=\"wp-image-461 size-medium\" src=\"http:\/\/www.paolaeluca.it\/wp-content\/uploads\/2014\/09\/cataratas-iguazu-helicoptero-300x199.jpg\" alt=\"cataratas-iguazu-helicoptero\" width=\"300\" height=\"199\" srcset=\"https:\/\/www.paolaeluca.it\/wp-content\/uploads\/2014\/09\/cataratas-iguazu-helicoptero-300x199.jpg 300w, https:\/\/www.paolaeluca.it\/wp-content\/uploads\/2014\/09\/cataratas-iguazu-helicoptero.jpg 900w\" sizes=\"auto, (max-width: 300px) 100vw, 300px\" \/><\/a><p id=\"caption-attachment-461\" class=\"wp-caption-text\">Cascate di Iguaz\u00f9<\/p><\/div>\n<p>Risaliremo poi a nord-est, dove il placido <em>Rio Iguaz\u00f9<\/em>, che scorre nella giungla tra l\u2019Argentina e il Brasile, precipita improvvisamente da un altopiano basaltico, per ammirare, da terra, su un gommone, o in volo, uno degli spettacoli naturali pi\u00f9 sbalorditivi al mondo: le <em>Cataratas de Iguaz\u00f9<\/em>, di straordinaria imponenza e bellezza. Confidiamo in una bella giornata di sole per veder brillare l\u2019arcobaleno e le ali delle farfalle sullo sfondo delle cascate! Siamo certi che la potenza, le dimensioni e il fragore delle cascate ci rimarranno per sempre impressi nella memoria. Visiteremo inoltre i due parchi che circondano le Cataratas, tra Argentina e Brasile, per una fuga capodannesca nella lussureggiante giungla tropicale, dove avremo incontri ravvicinati con la fauna selvatica. Saluteremo l\u2019anno vecchio che se ne va, ristorati allo Sheraton Iguaz\u00f9, in una posizione privilegiata all\u2019interno del parco e in prossimit\u00e0 del pi\u00f9 spettacolare tratto delle cascate.<\/p>\n<div id=\"attachment_463\" style=\"width: 310px\" class=\"wp-caption alignleft\"><a href=\"http:\/\/www.paolaeluca.it\/wp-content\/uploads\/2014\/09\/2.jpg\"><img loading=\"lazy\" decoding=\"async\" aria-describedby=\"caption-attachment-463\" class=\"wp-image-463 size-medium\" src=\"http:\/\/www.paolaeluca.it\/wp-content\/uploads\/2014\/09\/2-300x197.jpg\" alt=\"2\" width=\"300\" height=\"197\" srcset=\"https:\/\/www.paolaeluca.it\/wp-content\/uploads\/2014\/09\/2-300x197.jpg 300w, https:\/\/www.paolaeluca.it\/wp-content\/uploads\/2014\/09\/2.jpg 500w\" sizes=\"auto, (max-width: 300px) 100vw, 300px\" \/><\/a><p id=\"caption-attachment-463\" class=\"wp-caption-text\">Quebrada de Humahuaca<\/p><\/div>\n<div id=\"attachment_464\" style=\"width: 310px\" class=\"wp-caption alignleft\"><img loading=\"lazy\" decoding=\"async\" aria-describedby=\"caption-attachment-464\" class=\"wp-image-464 size-medium\" src=\"http:\/\/www.paolaeluca.it\/wp-content\/uploads\/2014\/09\/53271386-300x200.jpg\" alt=\"53271386\" width=\"300\" height=\"200\" srcset=\"https:\/\/www.paolaeluca.it\/wp-content\/uploads\/2014\/09\/53271386-300x200.jpg 300w, https:\/\/www.paolaeluca.it\/wp-content\/uploads\/2014\/09\/53271386.jpg 1024w\" sizes=\"auto, (max-width: 300px) 100vw, 300px\" \/><p id=\"caption-attachment-464\" class=\"wp-caption-text\">Salinas Grandes<\/p><\/div>\n<p>L\u2019anno nuovo ci porter\u00e0 nell\u2019Argentina nord-occidentale, ai piedi dell\u2019imponente catena andina, dove trascorreremo gli ultimi giorni della nostra sicuramente indimenticabile luna di miele, tra artigianato tradizionale, comunit\u00e0 di lingua quechua, lama, e tradizioni native. Non perderemo il suggestivo fascino della sofisticata <em>Salta<\/em>, la pi\u00f9 coloniale delle citt\u00e0 argentine, che sar\u00e0 anche la base di partenza per visitare la <em>Quebrada de Humahuaca<\/em>. In questa spettacolare valle incassata tra le Ande, nella provincia di <em>Jujuy<\/em>, in direzione della Bolivia, dichiarata dall\u2019UNESCO patrimonio dell\u2019umanit\u00e0, ci faremo incantare dalle tormentate formazioni rocciose, caratterizzate da una straordinaria variet\u00e0 di colori. Qui proveremo anche la semplice cucina casalinga, come il locro (stufato di mais, fagioli, manzo, maiale e salsiccia) o il filetto di lama. Raggiungeremo il villaggio di <em>Purmamarca<\/em>, per ammirare il <em>Cerro de los Siete Colores<\/em> e fare incetta di articoli artigianali in lana nel mercato di poncho che si tiene tutti i giorni nella piazza principale. Armati di occhiali da sole, lungo la leggendaria <em>Ruta 40<\/em>, sotto cieli immensi e incredibilmente blu, costeggeremo le spettacolari pianure di sale delle Salinas Grandes. I lama che brucano l\u2019erba degli altopiani e che incontreremo lungo il cammino, ci consiglieranno la strada per i pi\u00f9 caratteristi villaggi tradizionali delle indimenticabili <em>Valle Calchaquies<\/em>, dove osserveremo i tessitori al lavoro nei laboratori artigianali. Attraverso l\u2019arida e spettacolare <em>Quebrada de Cafayate<\/em>, uno degli itinerari, pare, pi\u00f9 scenografici e memorabili che l\u2019Argentina possa offrire, giungeremo a <em>Cafayate<\/em>, capitale vinicola dell\u2019Argentina settentrionale.Qui assaporeremo le specialit\u00e0 della cucina del Nord Ovest andino, come carne di lama e quinoa e degusteremo il celebre, aromatico vino bianco Torront\u00e9s, annegando il dispiacere di un viaggio che sta per finire. Ma la fresca e corroborante aria di montagna di <em>Taf\u00ec del Valle<\/em> ci ricorder\u00e0 che ancora un\u2019ultima, esaltante esperienza ci aspetta!<\/p>\n<div id=\"attachment_466\" style=\"width: 310px\" class=\"wp-caption alignright\"><a href=\"http:\/\/www.paolaeluca.it\/wp-content\/uploads\/2014\/09\/gaucho-pnoch_2337047a.jpg\"><img loading=\"lazy\" decoding=\"async\" aria-describedby=\"caption-attachment-466\" class=\"wp-image-466 size-medium\" src=\"http:\/\/www.paolaeluca.it\/wp-content\/uploads\/2014\/09\/gaucho-pnoch_2337047a-300x186.jpg\" alt=\"gaucho-pnoch_2337047a\" width=\"300\" height=\"186\" srcset=\"https:\/\/www.paolaeluca.it\/wp-content\/uploads\/2014\/09\/gaucho-pnoch_2337047a-300x186.jpg 300w, https:\/\/www.paolaeluca.it\/wp-content\/uploads\/2014\/09\/gaucho-pnoch_2337047a.jpg 940w\" sizes=\"auto, (max-width: 300px) 100vw, 300px\" \/><\/a><p id=\"caption-attachment-466\" class=\"wp-caption-text\">Un gaucho<\/p><\/div>\n<p>Rientrati nella provincia di Buenos Aires, diventeremo gauchos per un d\u00eda de campo (giornata in campagna) a <em>San Antonio de Areco<\/em>, una delle pi\u00f9 belle citt\u00e0 delle pampas: ospiti dell\u2019estancia <a href=\"http:\/\/www.estanciaelombu.com\/\" target=\"_blank\">Omb\u00f9<\/a>, osserveremo (e prenderemo parte!) al lavoro dei mandriani, passeggeremo a cavallo, assaggeremo il mate e ci delizieremo con succulenti asado (barbecue).<br \/>\nDue ultimi giorni a Buenos Aires per comprare una valigia nuova da riempire di souvenir e regali, pronti a rientrare, con il cuore pieno di colori, emozioni e ricordi indelebili!<\/p>\n","protected":false},"excerpt":{"rendered":"<p>&#8220;Verso l&#8217;infinito e oltre!&#8221; -Buzz Lightyear (Toy Story) &nbsp; Abbiamo deciso di trascorrere la luna di miele in Argentina. La nostra avventura comincer\u00e0 a Buenos Aires, dove, a passeggio per le strade cosmopolite, impareremo a conoscere la bellezza e la &hellip; <a class=\"more-link\" href=\"https:\/\/www.paolaeluca.it\/?page_id=39\">Continua a leggere <span class=\"meta-nav\">&rarr;<\/span><\/a><\/p>\n","protected":false},"author":1,"featured_media":0,"parent":0,"menu_order":7,"comment_status":"closed","ping_status":"open","template":"","meta":{"ngg_post_thumbnail":0,"jetpack_post_was_ever_published":false,"footnotes":""},"class_list":["post-39","page","type-page","status-publish","hentry"],"jetpack_sharing_enabled":true,"jetpack_shortlink":"https:\/\/wp.me\/P9UcaN-D","_links":{"self":[{"href":"https:\/\/www.paolaeluca.it\/index.php?rest_route=\/wp\/v2\/pages\/39","targetHints":{"allow":["GET"]}}],"collection":[{"href":"https:\/\/www.paolaeluca.it\/index.php?rest_route=\/wp\/v2\/pages"}],"about":[{"href":"https:\/\/www.paolaeluca.it\/index.php?rest_route=\/wp\/v2\/types\/page"}],"author":[{"embeddable":true,"href":"https:\/\/www.paolaeluca.it\/index.php?rest_route=\/wp\/v2\/users\/1"}],"replies":[{"embeddable":true,"href":"https:\/\/www.paolaeluca.it\/index.php?rest_route=%2Fwp%2Fv2%2Fcomments&post=39"}],"version-history":[{"count":21,"href":"https:\/\/www.paolaeluca.it\/index.php?rest_route=\/wp\/v2\/pages\/39\/revisions"}],"predecessor-version":[{"id":771,"href":"https:\/\/www.paolaeluca.it\/index.php?rest_route=\/wp\/v2\/pages\/39\/revisions\/771"}],"wp:attachment":[{"href":"https:\/\/www.paolaeluca.it\/index.php?rest_route=%2Fwp%2Fv2%2Fmedia&parent=39"}],"curies":[{"name":"wp","href":"https:\/\/api.w.org\/{rel}","templated":true}]}}