{"id":99,"date":"2014-09-30T09:07:13","date_gmt":"2014-09-30T07:07:13","guid":{"rendered":"http:\/\/www.paolaeluca.it\/wordpressIt\/?page_id=99"},"modified":"2016-02-18T15:56:34","modified_gmt":"2016-02-18T14:56:34","slug":"come-arrivare","status":"publish","type":"page","link":"https:\/\/www.paolaeluca.it\/?page_id=99","title":{"rendered":"Come arrivare"},"content":{"rendered":"<p class=\"p1\">Se non abitate a Milano, potete raggiungere la citt\u00e0 tramite auto, treno, o aereo.<\/p>\n<h3 class=\"p1\">In auto<\/h3>\n<p class=\"p1\">Se utilizzate il navigatore GPS, vi consigliamo di impostarlo da subito sullo specifico indirizzo di destinazione, in quanto questo determina in larga parte da quale arteria stradale entrerete in citt\u00e0 e, di conseguenza, i vostri tempi di viaggio.<\/p>\n<h3 class=\"p1\">In treno<\/h3>\n<div id=\"attachment_440\" style=\"width: 310px\" class=\"wp-caption alignright\"><a href=\"http:\/\/www.paolaeluca.it\/wp-content\/uploads\/2014\/09\/stazione-di-milano-centrale.jpg\"><img loading=\"lazy\" decoding=\"async\" aria-describedby=\"caption-attachment-440\" class=\"wp-image-440 size-medium\" src=\"http:\/\/www.paolaeluca.it\/wp-content\/uploads\/2014\/09\/stazione-di-milano-centrale-300x221.jpg\" alt=\"stazione-di-milano-centrale\" width=\"300\" height=\"221\" srcset=\"https:\/\/www.paolaeluca.it\/wp-content\/uploads\/2014\/09\/stazione-di-milano-centrale-300x221.jpg 300w, https:\/\/www.paolaeluca.it\/wp-content\/uploads\/2014\/09\/stazione-di-milano-centrale.jpg 560w\" sizes=\"auto, (max-width: 300px) 100vw, 300px\" \/><\/a><p id=\"caption-attachment-440\" class=\"wp-caption-text\">Stazione di Milano Centrale<\/p><\/div>\n<p class=\"p1\">Vi raccomandiamo di\u00a0arrivare alla\u00a0stazione di <a href=\"http:\/\/it.wikipedia.org\/wiki\/Stazione_di_Milano_Porta_Garibaldi\" target=\"_blank\">Milano Garibaldi<\/a> o <a href=\"http:\/\/www.milanocentrale.it\/\" target=\"_blank\">Milano Centrale<\/a>. Entrambe sono servite da \u00a0mezzi pubblici di superficie e dalle linee metropolitane <a href=\"http:\/\/www.atm.it\/it\/ViaggiaConNoi\/PublishingImages\/RETE%20METROPOLITANA%20sett_2014.jpg\" target=\"_blank\">M2<\/a>\u00a0(fermata &#8220;Garibaldi&#8221; o &#8220;Centrale&#8221;) ed <a href=\"http:\/\/www.atm.it\/it\/ViaggiaConNoi\/PublishingImages\/RETE%20METROPOLITANA%20sett_2014.jpg\" target=\"_blank\">M3<\/a> (fermata &#8220;Centrale&#8221;), che vi possono facilmente portare da qualunque altra parte della citt\u00e0. Sconsigliamo invece di scendere ad una qualsiasi delle stazioni\u00a0ferroviarie minori, a meno che il vostro alloggio non sia nelle immediate vicinanze.<\/p>\n<h3 class=\"p1\">In aereo<\/h3>\n<p class=\"p1\">Gli aeroporti di riferimento per Milano sono tre: Milano Linate, Milano Malpensa e Bergamo Orio al Serio.<\/p>\n<p class=\"p1\"><a href=\"http:\/\/www.milanolinate-airport.com\/it\" target=\"_blank\">Milano Linate<\/a> \u00e8 il pi\u00f9 vicino\u00a0alla citt\u00e0 ed \u00e8 servito dai maggiori\u00a0vettori nazionali\u00a0e da diversi internazionali. Dall&#8217;aeroporto, le linee 73 e 73X dell&#8217;<a href=\"http:\/\/www.atm.it\/it\/Giromilano\/Pagine\/default.aspx\" target=\"_blank\">azienda trasporti pubblici<\/a> di Milano\u00a0vi portano in centro citt\u00e0 al prezzo di un singolo <a href=\"http:\/\/www.atm.it\/it\/ViaggiaConNoi\/Biglietti\/Pagine\/BigliettiUrbani.aspx\" target=\"_blank\">biglietto urbano<\/a>. Potete acquistare i biglietti\u00a0presso i distributori automatici in prossimit\u00e0 della fermata, subito fuori dal piano arrivi dell&#8217;aeroporto. I taxi, invece,\u00a0non hanno una tariffa fissa per Milano Linate. Il costo della corsa viene calcolato a tassametro in funzione della destinazione.<\/p>\n<p class=\"p1\"><a href=\"http:\/\/www.milanomalpensa-airport.com\/it\" target=\"_blank\">Milano Malpensa<\/a> \u00e8 l&#8217;aeroporto\u00a0intercontinentale di Milano. Il terminal 1 \u00e8 servito dai maggiori vettori aerei internazionali. Il terminal 2, invece, \u00e8 sostanzialmente un hub EasyJet. Se arrivate al terminal 1, vi consigliamo di raggiungere la citt\u00e0 tramite una delle due compagnie di autobus che collegano l&#8217;aeroporto con\u00a0la stazione ferroviaria di Milano Centrale: <a href=\"http:\/\/www.autostradale.it\/interna.aspx?gr=2&amp;sez=60&amp;sot=2&amp;ae=4\" target=\"_blank\">Autostradale<\/a> e <a href=\"http:\/\/www.malpensashuttle.it\/\" target=\"_blank\">MalpensaShuttle<\/a>. Il tragitto impiega circa 55 minuti.\u00a0L&#8217;alternativa principale \u00e8 il treno <a href=\"http:\/\/www.malpensaexpress.it\/\" target=\"_blank\">MalpensaExpress<\/a>, che collega l&#8217;aeroporto con le\u00a0stazioni ferroviarie di Milano Cadorna, Milano Centrale e Milano Garibaldi. Il treno ha un costo maggiore,\u00a0ma vi fa guadagnare circa 20 minuti rispetto all&#8217;autobus. E&#8217; anche consigliato nei momenti di maggior traffico in citt\u00e0, ad esempio, il\u00a0venerd\u00ec pomeriggio e la domenica sera. Se invece arrivate al terminal 2, vi consigliamo esclusivamente l&#8217;autobus. Il treno MalpensaExpress non ferma al terminal 2 e il tempo che impieghereste per raggiungere il terminal 1 fa svanire il guadagno del treno sull&#8217;autobus.<\/p>\n<p class=\"p1\"><a href=\"http:\/\/www.sacbo.it\/Airpor\/portalProcess.jsp\" target=\"_blank\">Bergamo Orio al Serio<\/a> \u00e8 principalmente servito da compagnie low-cost, RyanAir in particolare. Per raggiungere Milano, l&#8217;unica opzione sono le due compagnie di autobus che servono la tratta in questione: <a href=\"http:\/\/www.autostradale.it\/interna.aspx?gr=2&amp;sez=60&amp;sot=2&amp;ae=4\" target=\"_blank\">Autostradale<\/a> e <a href=\"http:\/\/www.orioshuttle.com\/\" target=\"_blank\">OrioShuttle<\/a>.<\/p>\n<p><span class=\"Apple-style-span\">[google-map-v3 shortcodeid=&#8221;TO_BE_GENERATED&#8221; width=&#8221;100%&#8221; height=&#8221;400&#8243; zoom=&#8221;15&#8243; maptype=&#8221;roadmap&#8221; mapalign=&#8221;center&#8221; directionhint=&#8221;false&#8221; language=&#8221;default&#8221; poweredby=&#8221;false&#8221; maptypecontrol=&#8221;true&#8221; pancontrol=&#8221;true&#8221; zoomcontrol=&#8221;true&#8221; scalecontrol=&#8221;true&#8221; streetviewcontrol=&#8221;true&#8221; scrollwheelcontrol=&#8221;false&#8221; draggable=&#8221;true&#8221; tiltfourtyfive=&#8221;false&#8221; enablegeolocationmarker=&#8221;false&#8221; enablemarkerclustering=&#8221;false&#8221; addmarkermashup=&#8221;false&#8221; addmarkermashupbubble=&#8221;false&#8221; addmarkerlist=&#8221;Milano Linate<\/span>{}7-default.png{}Aeroporto Milano Linate|Milano Malpensa{}7-default.png{}Aeroporto Milano Malpensa|Bergamo Orio al Serio{}7-default.png{}Aeroporto Bergamo Orio al Serio|Milano Centrale{}7-default.png{}Stazione Milano Centrale|Milano Porta Garibaldi{}7-default.png{}Stazione Milano Porta Garibaldi|Milano Cadorna{}7-default.png{}Stazione Milano Cadorna&#8221;\u00a0bubbleautopan=&#8221;true&#8221; distanceunits=&#8221;miles&#8221; showbike=&#8221;false&#8221; showtraffic=&#8221;false&#8221; showpanoramio=&#8221;false&#8221;]<\/p>\n<p class=\"p1\">\n","protected":false},"excerpt":{"rendered":"<p>Se non abitate a Milano, potete raggiungere la citt\u00e0 tramite auto, treno, o aereo. In auto Se utilizzate il navigatore GPS, vi consigliamo di impostarlo da subito sullo specifico indirizzo di destinazione, in quanto questo determina in larga parte da &hellip; <a class=\"more-link\" href=\"https:\/\/www.paolaeluca.it\/?page_id=99\">Continua a leggere <span class=\"meta-nav\">&rarr;<\/span><\/a><\/p>\n","protected":false},"author":1,"featured_media":0,"parent":0,"menu_order":1,"comment_status":"closed","ping_status":"closed","template":"","meta":{"ngg_post_thumbnail":0,"jetpack_post_was_ever_published":false,"footnotes":""},"class_list":["post-99","page","type-page","status-publish","hentry"],"jetpack_sharing_enabled":true,"jetpack_shortlink":"https:\/\/wp.me\/P9UcaN-1B","_links":{"self":[{"href":"https:\/\/www.paolaeluca.it\/index.php?rest_route=\/wp\/v2\/pages\/99","targetHints":{"allow":["GET"]}}],"collection":[{"href":"https:\/\/www.paolaeluca.it\/index.php?rest_route=\/wp\/v2\/pages"}],"about":[{"href":"https:\/\/www.paolaeluca.it\/index.php?rest_route=\/wp\/v2\/types\/page"}],"author":[{"embeddable":true,"href":"https:\/\/www.paolaeluca.it\/index.php?rest_route=\/wp\/v2\/users\/1"}],"replies":[{"embeddable":true,"href":"https:\/\/www.paolaeluca.it\/index.php?rest_route=%2Fwp%2Fv2%2Fcomments&post=99"}],"version-history":[{"count":30,"href":"https:\/\/www.paolaeluca.it\/index.php?rest_route=\/wp\/v2\/pages\/99\/revisions"}],"predecessor-version":[{"id":769,"href":"https:\/\/www.paolaeluca.it\/index.php?rest_route=\/wp\/v2\/pages\/99\/revisions\/769"}],"wp:attachment":[{"href":"https:\/\/www.paolaeluca.it\/index.php?rest_route=%2Fwp%2Fv2%2Fmedia&parent=99"}],"curies":[{"name":"wp","href":"https:\/\/api.w.org\/{rel}","templated":true}]}}